{"id":8,"date":"2019-11-05T18:43:17","date_gmt":"2019-11-05T17:43:17","guid":{"rendered":"http:\/\/adinapoltar.sk\/?page_id=8"},"modified":"2026-02-27T14:56:17","modified_gmt":"2026-02-27T13:56:17","slug":"izba-c-1","status":"publish","type":"page","link":"https:\/\/adinapoltar.sk\/?page_id=8","title":{"rendered":"Izba \u010d. 1"},"content":{"rendered":"\n<p style=\"text-align:center\">\n<table style=\"margin-left:auto;margin-right:auto;max-width:500px\">\n<tr>\n<td>1 osoba 25 \u20ac \/ 1 noc<\/td>\n<\/tr>\n<tr>\n<td>2 osoby 35 \u20ac \/ 1 noc<\/td>\n<\/tr>\n<tr>\n<td>Viac noc\u00ed \/ cena dohodou<\/td>\n<\/tr>\n<\/table>\n<\/p>\n\n\n\n<figure class=\"wp-block-gallery aligncenter has-nested-images columns-2 is-cropped wp-block-gallery-1 is-layout-flex wp-block-gallery-is-layout-flex\">\n<figure class=\"wp-block-image\"><a href=\"https:\/\/adinapoltar.sk\/wp-content\/uploads\/2024\/07\/Adina-1.1-small.jpg\"><img loading=\"lazy\" decoding=\"async\" width=\"1024\" height=\"682\" data-id=\"467\" data-src=\"https:\/\/adinapoltar.sk\/wp-content\/uploads\/2024\/07\/Adina-1.1-small-1024x682.jpg\" alt=\"\" class=\"wp-image-467 lazyload\" data-srcset=\"https:\/\/adinapoltar.sk\/wp-content\/uploads\/2024\/07\/Adina-1.1-small-1024x682.jpg 1024w, https:\/\/adinapoltar.sk\/wp-content\/uploads\/2024\/07\/Adina-1.1-small-300x200.jpg 300w, https:\/\/adinapoltar.sk\/wp-content\/uploads\/2024\/07\/Adina-1.1-small-768x512.jpg 768w, https:\/\/adinapoltar.sk\/wp-content\/uploads\/2024\/07\/Adina-1.1-small.jpg 2000w\" data-sizes=\"(max-width: 1024px) 100vw, 1024px\" src=\"data:image\/gif;base64,R0lGODlhAQABAAAAACH5BAEKAAEALAAAAAABAAEAAAICTAEAOw==\" style=\"--smush-placeholder-width: 1024px; --smush-placeholder-aspect-ratio: 1024\/682;\" \/><noscript><img loading=\"lazy\" decoding=\"async\" width=\"1024\" height=\"682\" data-id=\"467\" src=\"https:\/\/adinapoltar.sk\/wp-content\/uploads\/2024\/07\/Adina-1.1-small-1024x682.jpg\" alt=\"\" class=\"wp-image-467\" srcset=\"https:\/\/adinapoltar.sk\/wp-content\/uploads\/2024\/07\/Adina-1.1-small-1024x682.jpg 1024w, https:\/\/adinapoltar.sk\/wp-content\/uploads\/2024\/07\/Adina-1.1-small-300x200.jpg 300w, https:\/\/adinapoltar.sk\/wp-content\/uploads\/2024\/07\/Adina-1.1-small-768x512.jpg 768w, https:\/\/adinapoltar.sk\/wp-content\/uploads\/2024\/07\/Adina-1.1-small.jpg 2000w\" sizes=\"(max-width: 1024px) 100vw, 1024px\" \/><\/noscript><\/a><figcaption class=\"wp-element-caption\">Izba \u010d. 1<\/figcaption><\/figure>\n\n\n\n<figure class=\"wp-block-image\"><a href=\"https:\/\/adinapoltar.sk\/wp-content\/uploads\/2024\/07\/Adina-1.3-small.jpg\"><img loading=\"lazy\" decoding=\"async\" width=\"1024\" height=\"682\" data-id=\"469\" data-src=\"https:\/\/adinapoltar.sk\/wp-content\/uploads\/2024\/07\/Adina-1.3-small-1024x682.jpg\" alt=\"\" class=\"wp-image-469 lazyload\" data-srcset=\"https:\/\/adinapoltar.sk\/wp-content\/uploads\/2024\/07\/Adina-1.3-small-1024x682.jpg 1024w, https:\/\/adinapoltar.sk\/wp-content\/uploads\/2024\/07\/Adina-1.3-small-300x200.jpg 300w, https:\/\/adinapoltar.sk\/wp-content\/uploads\/2024\/07\/Adina-1.3-small-768x512.jpg 768w, https:\/\/adinapoltar.sk\/wp-content\/uploads\/2024\/07\/Adina-1.3-small.jpg 2000w\" data-sizes=\"(max-width: 1024px) 100vw, 1024px\" src=\"data:image\/gif;base64,R0lGODlhAQABAAAAACH5BAEKAAEALAAAAAABAAEAAAICTAEAOw==\" style=\"--smush-placeholder-width: 1024px; --smush-placeholder-aspect-ratio: 1024\/682;\" \/><noscript><img loading=\"lazy\" decoding=\"async\" width=\"1024\" height=\"682\" data-id=\"469\" src=\"https:\/\/adinapoltar.sk\/wp-content\/uploads\/2024\/07\/Adina-1.3-small-1024x682.jpg\" alt=\"\" class=\"wp-image-469\" srcset=\"https:\/\/adinapoltar.sk\/wp-content\/uploads\/2024\/07\/Adina-1.3-small-1024x682.jpg 1024w, https:\/\/adinapoltar.sk\/wp-content\/uploads\/2024\/07\/Adina-1.3-small-300x200.jpg 300w, https:\/\/adinapoltar.sk\/wp-content\/uploads\/2024\/07\/Adina-1.3-small-768x512.jpg 768w, https:\/\/adinapoltar.sk\/wp-content\/uploads\/2024\/07\/Adina-1.3-small.jpg 2000w\" sizes=\"(max-width: 1024px) 100vw, 1024px\" \/><\/noscript><\/a><figcaption class=\"wp-element-caption\">Izba \u010d. 1<\/figcaption><\/figure>\n\n\n\n<figure class=\"wp-block-image\"><a href=\"https:\/\/adinapoltar.sk\/wp-content\/uploads\/2022\/02\/12_c.jpg\"><img loading=\"lazy\" decoding=\"async\" width=\"1024\" height=\"683\" data-id=\"226\" data-src=\"https:\/\/adinapoltar.sk\/wp-content\/uploads\/2022\/02\/12_c-1024x683.jpg\" alt=\"\" class=\"wp-image-226 lazyload\" data-srcset=\"https:\/\/adinapoltar.sk\/wp-content\/uploads\/2022\/02\/12_c-1024x683.jpg 1024w, https:\/\/adinapoltar.sk\/wp-content\/uploads\/2022\/02\/12_c-300x200.jpg 300w, https:\/\/adinapoltar.sk\/wp-content\/uploads\/2022\/02\/12_c-768x512.jpg 768w\" data-sizes=\"(max-width: 1024px) 100vw, 1024px\" src=\"data:image\/gif;base64,R0lGODlhAQABAAAAACH5BAEKAAEALAAAAAABAAEAAAICTAEAOw==\" style=\"--smush-placeholder-width: 1024px; --smush-placeholder-aspect-ratio: 1024\/683;\" \/><noscript><img loading=\"lazy\" decoding=\"async\" width=\"1024\" height=\"683\" data-id=\"226\" src=\"https:\/\/adinapoltar.sk\/wp-content\/uploads\/2022\/02\/12_c-1024x683.jpg\" alt=\"\" class=\"wp-image-226\" srcset=\"https:\/\/adinapoltar.sk\/wp-content\/uploads\/2022\/02\/12_c-1024x683.jpg 1024w, https:\/\/adinapoltar.sk\/wp-content\/uploads\/2022\/02\/12_c-300x200.jpg 300w, https:\/\/adinapoltar.sk\/wp-content\/uploads\/2022\/02\/12_c-768x512.jpg 768w\" sizes=\"(max-width: 1024px) 100vw, 1024px\" \/><\/noscript><\/a><figcaption class=\"wp-element-caption\">K\u00fape\u013e\u0148a &#8211; izby 1 a 2<\/figcaption><\/figure>\n\n\n\n<figure class=\"wp-block-image\"><a href=\"https:\/\/adinapoltar.sk\/wp-content\/uploads\/2022\/02\/12_b.jpg\"><img loading=\"lazy\" decoding=\"async\" width=\"1024\" height=\"683\" data-id=\"225\" data-src=\"https:\/\/adinapoltar.sk\/wp-content\/uploads\/2022\/02\/12_b-1024x683.jpg\" alt=\"\" class=\"wp-image-225 lazyload\" data-srcset=\"https:\/\/adinapoltar.sk\/wp-content\/uploads\/2022\/02\/12_b-1024x683.jpg 1024w, https:\/\/adinapoltar.sk\/wp-content\/uploads\/2022\/02\/12_b-300x200.jpg 300w, https:\/\/adinapoltar.sk\/wp-content\/uploads\/2022\/02\/12_b-768x512.jpg 768w\" data-sizes=\"(max-width: 1024px) 100vw, 1024px\" src=\"data:image\/gif;base64,R0lGODlhAQABAAAAACH5BAEKAAEALAAAAAABAAEAAAICTAEAOw==\" style=\"--smush-placeholder-width: 1024px; --smush-placeholder-aspect-ratio: 1024\/683;\" \/><noscript><img loading=\"lazy\" decoding=\"async\" width=\"1024\" height=\"683\" data-id=\"225\" src=\"https:\/\/adinapoltar.sk\/wp-content\/uploads\/2022\/02\/12_b-1024x683.jpg\" alt=\"\" class=\"wp-image-225\" srcset=\"https:\/\/adinapoltar.sk\/wp-content\/uploads\/2022\/02\/12_b-1024x683.jpg 1024w, https:\/\/adinapoltar.sk\/wp-content\/uploads\/2022\/02\/12_b-300x200.jpg 300w, https:\/\/adinapoltar.sk\/wp-content\/uploads\/2022\/02\/12_b-768x512.jpg 768w\" sizes=\"(max-width: 1024px) 100vw, 1024px\" \/><\/noscript><\/a><figcaption class=\"wp-element-caption\">Toaleta &#8211; izby 1 a 2<\/figcaption><\/figure>\n\n\n\n<figure class=\"wp-block-image\"><a href=\"https:\/\/adinapoltar.sk\/wp-content\/uploads\/2022\/02\/kuchynka_a.jpg\"><img loading=\"lazy\" decoding=\"async\" width=\"1024\" height=\"683\" data-id=\"232\" data-src=\"https:\/\/adinapoltar.sk\/wp-content\/uploads\/2022\/02\/kuchynka_a-1024x683.jpg\" alt=\"\" class=\"wp-image-232 lazyload\" data-srcset=\"https:\/\/adinapoltar.sk\/wp-content\/uploads\/2022\/02\/kuchynka_a-1024x683.jpg 1024w, https:\/\/adinapoltar.sk\/wp-content\/uploads\/2022\/02\/kuchynka_a-300x200.jpg 300w, https:\/\/adinapoltar.sk\/wp-content\/uploads\/2022\/02\/kuchynka_a-768x512.jpg 768w\" data-sizes=\"(max-width: 1024px) 100vw, 1024px\" src=\"data:image\/gif;base64,R0lGODlhAQABAAAAACH5BAEKAAEALAAAAAABAAEAAAICTAEAOw==\" style=\"--smush-placeholder-width: 1024px; --smush-placeholder-aspect-ratio: 1024\/683;\" \/><noscript><img loading=\"lazy\" decoding=\"async\" width=\"1024\" height=\"683\" data-id=\"232\" src=\"https:\/\/adinapoltar.sk\/wp-content\/uploads\/2022\/02\/kuchynka_a-1024x683.jpg\" alt=\"\" class=\"wp-image-232\" srcset=\"https:\/\/adinapoltar.sk\/wp-content\/uploads\/2022\/02\/kuchynka_a-1024x683.jpg 1024w, https:\/\/adinapoltar.sk\/wp-content\/uploads\/2022\/02\/kuchynka_a-300x200.jpg 300w, https:\/\/adinapoltar.sk\/wp-content\/uploads\/2022\/02\/kuchynka_a-768x512.jpg 768w\" sizes=\"(max-width: 1024px) 100vw, 1024px\" \/><\/noscript><\/a><figcaption class=\"wp-element-caption\">Kuchynka &#8211; izby 1, 2, 3<\/figcaption><\/figure>\n\n\n\n<figure class=\"wp-block-image\"><a href=\"https:\/\/adinapoltar.sk\/wp-content\/uploads\/2022\/02\/123.jpg\"><img loading=\"lazy\" decoding=\"async\" width=\"1024\" height=\"768\" data-id=\"233\" data-src=\"https:\/\/adinapoltar.sk\/wp-content\/uploads\/2022\/02\/123-1024x768.jpg\" alt=\"\" class=\"wp-image-233 lazyload\" data-srcset=\"https:\/\/adinapoltar.sk\/wp-content\/uploads\/2022\/02\/123-1024x768.jpg 1024w, https:\/\/adinapoltar.sk\/wp-content\/uploads\/2022\/02\/123-300x225.jpg 300w, https:\/\/adinapoltar.sk\/wp-content\/uploads\/2022\/02\/123-768x576.jpg 768w\" data-sizes=\"(max-width: 1024px) 100vw, 1024px\" src=\"data:image\/gif;base64,R0lGODlhAQABAAAAACH5BAEKAAEALAAAAAABAAEAAAICTAEAOw==\" style=\"--smush-placeholder-width: 1024px; --smush-placeholder-aspect-ratio: 1024\/768;\" \/><noscript><img loading=\"lazy\" decoding=\"async\" width=\"1024\" height=\"768\" data-id=\"233\" src=\"https:\/\/adinapoltar.sk\/wp-content\/uploads\/2022\/02\/123-1024x768.jpg\" alt=\"\" class=\"wp-image-233\" srcset=\"https:\/\/adinapoltar.sk\/wp-content\/uploads\/2022\/02\/123-1024x768.jpg 1024w, https:\/\/adinapoltar.sk\/wp-content\/uploads\/2022\/02\/123-300x225.jpg 300w, https:\/\/adinapoltar.sk\/wp-content\/uploads\/2022\/02\/123-768x576.jpg 768w\" sizes=\"(max-width: 1024px) 100vw, 1024px\" \/><\/noscript><\/a><figcaption class=\"wp-element-caption\">Terasa &#8211; izby 1, 2, 3<\/figcaption><\/figure>\n\n\n\n<figure class=\"wp-block-image\"><a href=\"https:\/\/adinapoltar.sk\/wp-content\/uploads\/2024\/07\/Adina-1.2-small.jpg\"><img loading=\"lazy\" decoding=\"async\" width=\"1024\" height=\"682\" data-id=\"468\" data-src=\"https:\/\/adinapoltar.sk\/wp-content\/uploads\/2024\/07\/Adina-1.2-small-1024x682.jpg\" alt=\"\" class=\"wp-image-468 lazyload\" data-srcset=\"https:\/\/adinapoltar.sk\/wp-content\/uploads\/2024\/07\/Adina-1.2-small-1024x682.jpg 1024w, https:\/\/adinapoltar.sk\/wp-content\/uploads\/2024\/07\/Adina-1.2-small-300x200.jpg 300w, https:\/\/adinapoltar.sk\/wp-content\/uploads\/2024\/07\/Adina-1.2-small-768x512.jpg 768w, https:\/\/adinapoltar.sk\/wp-content\/uploads\/2024\/07\/Adina-1.2-small.jpg 2000w\" data-sizes=\"(max-width: 1024px) 100vw, 1024px\" src=\"data:image\/gif;base64,R0lGODlhAQABAAAAACH5BAEKAAEALAAAAAABAAEAAAICTAEAOw==\" style=\"--smush-placeholder-width: 1024px; --smush-placeholder-aspect-ratio: 1024\/682;\" \/><noscript><img loading=\"lazy\" decoding=\"async\" width=\"1024\" height=\"682\" data-id=\"468\" src=\"https:\/\/adinapoltar.sk\/wp-content\/uploads\/2024\/07\/Adina-1.2-small-1024x682.jpg\" alt=\"\" class=\"wp-image-468\" srcset=\"https:\/\/adinapoltar.sk\/wp-content\/uploads\/2024\/07\/Adina-1.2-small-1024x682.jpg 1024w, https:\/\/adinapoltar.sk\/wp-content\/uploads\/2024\/07\/Adina-1.2-small-300x200.jpg 300w, https:\/\/adinapoltar.sk\/wp-content\/uploads\/2024\/07\/Adina-1.2-small-768x512.jpg 768w, https:\/\/adinapoltar.sk\/wp-content\/uploads\/2024\/07\/Adina-1.2-small.jpg 2000w\" sizes=\"(max-width: 1024px) 100vw, 1024px\" \/><\/noscript><\/a><figcaption class=\"wp-element-caption\">Izba \u010d. 1<\/figcaption><\/figure>\n<\/figure>\n\n\n\n<p><\/p>\n","protected":false},"excerpt":{"rendered":"<p>1 osoba 25 \u20ac \/ 1 noc 2 osoby 35 \u20ac \/ 1 noc Viac noc\u00ed \/ cena dohodou<\/p>\n","protected":false},"author":2,"featured_media":0,"parent":0,"menu_order":0,"comment_status":"closed","ping_status":"closed","template":"","meta":{"footnotes":""},"class_list":["post-8","page","type-page","status-publish","hentry"],"_links":{"self":[{"href":"https:\/\/adinapoltar.sk\/index.php?rest_route=\/wp\/v2\/pages\/8"}],"collection":[{"href":"https:\/\/adinapoltar.sk\/index.php?rest_route=\/wp\/v2\/pages"}],"about":[{"href":"https:\/\/adinapoltar.sk\/index.php?rest_route=\/wp\/v2\/types\/page"}],"author":[{"embeddable":true,"href":"https:\/\/adinapoltar.sk\/index.php?rest_route=\/wp\/v2\/users\/2"}],"replies":[{"embeddable":true,"href":"https:\/\/adinapoltar.sk\/index.php?rest_route=%2Fwp%2Fv2%2Fcomments&post=8"}],"version-history":[{"count":41,"href":"https:\/\/adinapoltar.sk\/index.php?rest_route=\/wp\/v2\/pages\/8\/revisions"}],"predecessor-version":[{"id":529,"href":"https:\/\/adinapoltar.sk\/index.php?rest_route=\/wp\/v2\/pages\/8\/revisions\/529"}],"wp:attachment":[{"href":"https:\/\/adinapoltar.sk\/index.php?rest_route=%2Fwp%2Fv2%2Fmedia&parent=8"}],"curies":[{"name":"wp","href":"https:\/\/api.w.org\/{rel}","templated":true}]}}