{"id":93,"date":"2019-11-05T21:19:37","date_gmt":"2019-11-05T20:19:37","guid":{"rendered":"http:\/\/adinapoltar.sk\/?page_id=93"},"modified":"2026-02-27T15:16:17","modified_gmt":"2026-02-27T14:16:17","slug":"kontakt","status":"publish","type":"page","link":"https:\/\/adinapoltar.sk\/?page_id=93","title":{"rendered":"Kontakt"},"content":{"rendered":"\n<p>Anna Uhrinov\u00e1 &#8211; Ubytovanie Adina<br>Fu\u010d\u00edkova 620\/8, 987 01 Polt\u00e1r<br>I\u010cO: 34797912<br>DI\u010c: 1044240329<\/p>\n\n\n\n<p>Mobil: +421 917 749 934<br>Mail: <a href=\"mailto:ubytovanie.adina.poltar@gmail.com\">ubytovanie.adina.poltar@gmail.com<\/a><br>Tel.: <a href=\"tel:+421917749934\">+421 917 74 99 34<\/a><br>GPS: <a aria-label=\"48\u00b026'05.2&quot;N 19\u00b047'50.2&quot;E (otvor\u00ed sa v novej karte)\" href=\"https:\/\/www.google.com\/maps\/place\/Ubytovanie+Adina+Polt%C3%A1r\/@48.4347763,19.7951339,17z\/data=!3m1!4b1!4m8!3m7!1s0x473ffb21eef6c62b:0xd79b6ff31cbb0747!5m2!4m1!1i2!8m2!3d48.4347728!4d19.7973226\" target=\"_blank\" rel=\"noreferrer noopener\">48\u00b026&#8217;05.2&#8243;N 19\u00b047&#8217;50.2&#8243;E<\/a><a href=\"https:\/\/www.facebook.com\/profile.php?id=100057303495722\" target=\"_blank\" rel=\"noreferrer noopener\"><\/a><\/p>\n\n\n\n<p><strong>Prev\u00e1dzka:<\/strong>&nbsp;<a href=\"https:\/\/maps.app.goo.gl\/bMXnTMzz2rGmjTrx5\" target=\"_blank\" rel=\"noreferrer noopener\">Partiz\u00e1nska 42, 987 01 Polt\u00e1r<\/a><\/p>\n\n\n\n<p>Mapa:<br><\/p>\n<iframe loading=\"lazy\" data-src=\"https:\/\/www.google.com\/maps\/embed?pb=!1m14!1m12!1m3!1d330.8922127234622!2d19.79685194803344!3d48.43469686564534!2m3!1f0!2f0!3f0!3m2!1i1024!2i768!4f13.1!5e0!3m2!1ssk!2ssk!4v1572985412607!5m2!1ssk!2ssk\" width=\"100%\" height=\"450\" frameborder=\"0\" style=\"border:0;\" allowfullscreen=\"\" src=\"data:image\/gif;base64,R0lGODlhAQABAAAAACH5BAEKAAEALAAAAAABAAEAAAICTAEAOw==\" class=\"lazyload\" data-load-mode=\"1\"><\/iframe>\n\n\n\n<figure class=\"wp-block-image\"><img decoding=\"async\" data-src=\"https:\/\/ci3.googleusercontent.com\/mail-sig\/AIorK4wen1uQsZSAeuF0PYWV2BXHbG-6MMDULvKmiDxsinUd_QC1_g1tgsncZhMO4nk8BymWhAF5HcjeZPxS\" alt=\"\" src=\"data:image\/gif;base64,R0lGODlhAQABAAAAACH5BAEKAAEALAAAAAABAAEAAAICTAEAOw==\" class=\"lazyload\" \/><noscript><img decoding=\"async\" src=\"https:\/\/ci3.googleusercontent.com\/mail-sig\/AIorK4wen1uQsZSAeuF0PYWV2BXHbG-6MMDULvKmiDxsinUd_QC1_g1tgsncZhMO4nk8BymWhAF5HcjeZPxS\" alt=\"\"\/><\/noscript><\/figure>\n","protected":false},"excerpt":{"rendered":"<p>Anna Uhrinov\u00e1 &#8211; Ubytovanie AdinaFu\u010d\u00edkova 620\/8, 987 01 Polt\u00e1rI\u010cO: 34797912DI\u010c: 1044240329 Mobil: +421 917 749 934Mail: ubytovanie.adina.poltar@gmail.comTel.: +421 917 74 99 34GPS: 48\u00b026&#8217;05.2&#8243;N 19\u00b047&#8217;50.2&#8243;E Prev\u00e1dzka:&nbsp;Partiz\u00e1nska 42, 987 01 Polt\u00e1r Mapa:<\/p>\n","protected":false},"author":2,"featured_media":0,"parent":0,"menu_order":0,"comment_status":"closed","ping_status":"closed","template":"","meta":{"footnotes":""},"class_list":["post-93","page","type-page","status-publish","hentry"],"_links":{"self":[{"href":"https:\/\/adinapoltar.sk\/index.php?rest_route=\/wp\/v2\/pages\/93"}],"collection":[{"href":"https:\/\/adinapoltar.sk\/index.php?rest_route=\/wp\/v2\/pages"}],"about":[{"href":"https:\/\/adinapoltar.sk\/index.php?rest_route=\/wp\/v2\/types\/page"}],"author":[{"embeddable":true,"href":"https:\/\/adinapoltar.sk\/index.php?rest_route=\/wp\/v2\/users\/2"}],"replies":[{"embeddable":true,"href":"https:\/\/adinapoltar.sk\/index.php?rest_route=%2Fwp%2Fv2%2Fcomments&post=93"}],"version-history":[{"count":11,"href":"https:\/\/adinapoltar.sk\/index.php?rest_route=\/wp\/v2\/pages\/93\/revisions"}],"predecessor-version":[{"id":527,"href":"https:\/\/adinapoltar.sk\/index.php?rest_route=\/wp\/v2\/pages\/93\/revisions\/527"}],"wp:attachment":[{"href":"https:\/\/adinapoltar.sk\/index.php?rest_route=%2Fwp%2Fv2%2Fmedia&parent=93"}],"curies":[{"name":"wp","href":"https:\/\/api.w.org\/{rel}","templated":true}]}}